{"id":17330,"date":"2022-04-26T16:13:40","date_gmt":"2022-04-26T09:13:40","guid":{"rendered":"https:\/\/bajamax.com.mx\/?post_type=product&#038;p=17330"},"modified":"2026-04-01T19:30:08","modified_gmt":"2026-04-01T19:30:08","slug":"baja-max","status":"publish","type":"product","link":"https:\/\/bajamax.com.mx\/index.php\/product\/baja-max\/","title":{"rendered":"bajamax"},"content":{"rendered":"\t\t<div data-elementor-type=\"wp-post\" data-elementor-id=\"17330\" class=\"elementor elementor-17330\" data-elementor-post-type=\"product\">\n\t\t\t\t\t\t<section class=\"elementor-section elementor-top-section elementor-element elementor-element-17dd6ce elementor-section-boxed elementor-section-height-default elementor-section-height-default\" data-id=\"17dd6ce\" data-element_type=\"section\">\n\t\t\t\t\t\t<div class=\"elementor-container elementor-column-gap-default\">\n\t\t\t\t\t<div class=\"elementor-column elementor-col-100 elementor-top-column elementor-element elementor-element-459a850\" data-id=\"459a850\" data-element_type=\"column\">\n\t\t\t<div class=\"elementor-widget-wrap elementor-element-populated\">\n\t\t\t\t\t\t<div class=\"elementor-element elementor-element-f8a29f5 elementor-widget__width-initial elementor-widget elementor-widget-text-editor\" data-id=\"f8a29f5\" data-element_type=\"widget\" data-widget_type=\"text-editor.default\">\n\t\t\t\t<div class=\"elementor-widget-container\">\n\t\t\t\t\t\t\t<h3 style=\"text-align: center;\">SportSware Designed To Move Sport Motion Logo Tee<\/h3><h4 style=\"font-weight: 400; text-align: center;\">A Tee For Versatile Everyday Comfort.<\/h4><p style=\"text-align: center;\">Get the fit and performance of a workout tee with style that belongs in your daily-wear wardrobe in this adidas t-shirt. It sits comfortably as you bend, stretch and move through your day. You&#8217;ll stay feeling dry and fresh, from a training session in the gym to whatever comes next, thanks to moisture-absorbing AEROREADY.<\/p><p style=\"text-align: center;\">This product is made with Primegreen, a series of high-performance recycled materials.<\/p>\t\t\t\t\t\t<\/div>\n\t\t\t\t<\/div>\n\t\t\t\t<section class=\"elementor-section elementor-inner-section elementor-element elementor-element-1528255 elementor-section-boxed elementor-section-height-default elementor-section-height-default\" data-id=\"1528255\" data-element_type=\"section\">\n\t\t\t\t\t\t<div class=\"elementor-container elementor-column-gap-default\">\n\t\t\t\t\t<div class=\"elementor-column elementor-col-33 elementor-inner-column elementor-element elementor-element-7629073\" data-id=\"7629073\" data-element_type=\"column\">\n\t\t\t<div class=\"elementor-widget-wrap elementor-element-populated\">\n\t\t\t\t\t\t<div class=\"elementor-element elementor-element-e4c52ea elementor-widget elementor-widget-image\" data-id=\"e4c52ea\" data-element_type=\"widget\" data-widget_type=\"image.default\">\n\t\t\t\t<div class=\"elementor-widget-container\">\n\t\t\t\t\t\t\t\t\t\t\t\t\t<img fetchpriority=\"high\" decoding=\"async\" width=\"390\" height=\"480\" src=\"https:\/\/bajamax.com.mx\/wp-content\/uploads\/2021\/01\/detail-1.jpg\" class=\"attachment-full size-full wp-image-19494\" alt=\"\" \/>\t\t\t\t\t\t\t\t\t\t\t\t\t<\/div>\n\t\t\t\t<\/div>\n\t\t\t\t\t<\/div>\n\t\t<\/div>\n\t\t\t\t<div class=\"elementor-column elementor-col-33 elementor-inner-column elementor-element elementor-element-b1aa373\" data-id=\"b1aa373\" data-element_type=\"column\">\n\t\t\t<div class=\"elementor-widget-wrap elementor-element-populated\">\n\t\t\t\t\t\t<div class=\"elementor-element elementor-element-8b25a7d elementor-widget elementor-widget-image\" data-id=\"8b25a7d\" data-element_type=\"widget\" data-widget_type=\"image.default\">\n\t\t\t\t<div class=\"elementor-widget-container\">\n\t\t\t\t\t\t\t\t\t\t\t\t\t<img decoding=\"async\" width=\"390\" height=\"480\" src=\"https:\/\/bajamax.com.mx\/wp-content\/uploads\/2021\/01\/detail-2.jpg\" class=\"attachment-full size-full wp-image-19495\" alt=\"\" \/>\t\t\t\t\t\t\t\t\t\t\t\t\t<\/div>\n\t\t\t\t<\/div>\n\t\t\t\t\t<\/div>\n\t\t<\/div>\n\t\t\t\t<div class=\"elementor-column elementor-col-33 elementor-inner-column elementor-element elementor-element-389cc58\" data-id=\"389cc58\" data-element_type=\"column\">\n\t\t\t<div class=\"elementor-widget-wrap elementor-element-populated\">\n\t\t\t\t\t\t<div class=\"elementor-element elementor-element-82d0a61 elementor-widget elementor-widget-image\" data-id=\"82d0a61\" data-element_type=\"widget\" data-widget_type=\"image.default\">\n\t\t\t\t<div class=\"elementor-widget-container\">\n\t\t\t\t\t\t\t\t\t\t\t\t\t<img decoding=\"async\" width=\"390\" height=\"480\" src=\"https:\/\/bajamax.com.mx\/wp-content\/uploads\/2022\/04\/detail-3.jpg\" class=\"attachment-full size-full wp-image-19551\" alt=\"\" \/>\t\t\t\t\t\t\t\t\t\t\t\t\t<\/div>\n\t\t\t\t<\/div>\n\t\t\t\t\t<\/div>\n\t\t<\/div>\n\t\t\t\t\t<\/div>\n\t\t<\/section>\n\t\t\t\t\t<\/div>\n\t\t<\/div>\n\t\t\t\t\t<\/div>\n\t\t<\/section>\n\t\t\t\t<\/div>\n\t\t","protected":false},"excerpt":{"rendered":"<h3 style=\"text-align: center;\">Baja-Max &#8211; Tu aliado natural para una transformaci\u00f3n saludable<\/h3>\n<p><strong><em>Contiene:<\/em><\/strong><\/p>\n<ul>\n<li>Caf\u00e9 Verde<\/li>\n<li>Cardo Mariano<\/li>\n<li>Coenzima Q10<\/li>\n<li>Garcinia Cambogia<\/li>\n<\/ul>\n<p class=\"font-600 text-xl font-bold\"><em><strong>Modo de Uso:<\/strong><\/em><\/p>\n<p class=\"whitespace-pre-wrap break-words\">Tomar 2 c\u00e1psulas al d\u00eda, preferentemente antes de las comidas principales. Para mejores resultados, combinar con una alimentaci\u00f3n equilibrada y ejercicio regular.<\/p>\n","protected":false},"featured_media":19805,"comment_status":"open","ping_status":"closed","template":"","meta":{"_monsterinsights_skip_tracking":false,"_monsterinsights_sitenote_active":false,"_monsterinsights_sitenote_note":"","_monsterinsights_sitenote_category":0},"product_cat":[79,81,82],"product_tag":[62,69,85],"class_list":["post-17330","product","type-product","status-publish","has-post-thumbnail","hentry","product_cat-jacket-men","product_cat-short-men","product_cat-t-shirt-men","product_tag-exercise-set","product_tag-gym","product_tag-mensware","ts_product_brand-mlb"],"aioseo_notices":[],"_links":{"self":[{"href":"https:\/\/bajamax.com.mx\/index.php\/wp-json\/wp\/v2\/product\/17330","targetHints":{"allow":["GET"]}}],"collection":[{"href":"https:\/\/bajamax.com.mx\/index.php\/wp-json\/wp\/v2\/product"}],"about":[{"href":"https:\/\/bajamax.com.mx\/index.php\/wp-json\/wp\/v2\/types\/product"}],"replies":[{"embeddable":true,"href":"https:\/\/bajamax.com.mx\/index.php\/wp-json\/wp\/v2\/comments?post=17330"}],"wp:featuredmedia":[{"embeddable":true,"href":"https:\/\/bajamax.com.mx\/index.php\/wp-json\/wp\/v2\/media\/19805"}],"wp:attachment":[{"href":"https:\/\/bajamax.com.mx\/index.php\/wp-json\/wp\/v2\/media?parent=17330"}],"wp:term":[{"taxonomy":"product_cat","embeddable":true,"href":"https:\/\/bajamax.com.mx\/index.php\/wp-json\/wp\/v2\/product_cat?post=17330"},{"taxonomy":"product_tag","embeddable":true,"href":"https:\/\/bajamax.com.mx\/index.php\/wp-json\/wp\/v2\/product_tag?post=17330"}],"curies":[{"name":"wp","href":"https:\/\/api.w.org\/{rel}","templated":true}]}}