{"id":19339,"date":"2022-05-05T13:12:41","date_gmt":"2022-05-05T06:12:41","guid":{"rendered":"https:\/\/bajamax.com.mx\/?page_id=19339"},"modified":"2024-10-30T19:44:11","modified_gmt":"2024-10-30T19:44:11","slug":"home","status":"publish","type":"page","link":"https:\/\/bajamax.com.mx\/","title":{"rendered":"Home"},"content":{"rendered":"\t\t<div data-elementor-type=\"wp-page\" data-elementor-id=\"19339\" class=\"elementor elementor-19339\" data-elementor-post-type=\"page\">\n\t\t\t\t\t\t<section class=\"elementor-section elementor-top-section elementor-element elementor-element-2b47b55 elementor-section-boxed elementor-section-height-default elementor-section-height-default\" data-id=\"2b47b55\" data-element_type=\"section\">\n\t\t\t\t\t\t<div class=\"elementor-container elementor-column-gap-default\">\n\t\t\t\t\t<div class=\"elementor-column elementor-col-100 elementor-top-column elementor-element elementor-element-07a7dc5\" data-id=\"07a7dc5\" data-element_type=\"column\">\n\t\t\t<div class=\"elementor-widget-wrap elementor-element-populated\">\n\t\t\t\t\t\t<div class=\"elementor-element elementor-element-affcbe6 elementor-widget elementor-widget-wc-elements\" data-id=\"affcbe6\" data-element_type=\"widget\" data-widget_type=\"wc-elements.default\">\n\t\t\t\t<div class=\"elementor-widget-container\">\n\t\t\t<div class=\"woocommerce\">\t\t\t<div class=\"single-product\" data-product-page-preselected-id=\"0\">\n\t\t\t\t<div id=\"product-17330\" class=\"product type-product post-17330 status-publish first instock product_cat-jacket-men product_cat-short-men product_cat-t-shirt-men product_tag-exercise-set product_tag-gym product_tag-mensware has-post-thumbnail sale shipping-taxable purchasable product-type-simple\">\n\n\t<div class=\"product-images-summary\">\n\t<div class=\"summary entry-summary\">\n\t\t<div class=\"detail-meta-top\">\n\t<div class=\"woocommerce-product-rating\">\n\t\t<a href=\"#reviews\" class=\"woocommerce-review-link\" rel=\"nofollow\">Add your review<\/a>\t<\/div>\n\t\n<div class=\"brands-link\"><span>Brands:<\/span><span class=\"brand-links\"><a href=\"https:\/\/bajamax.com.mx\/index.php\/product-brand\/mlb\/\" rel=\"tag\">MLB<\/a><\/span><\/div>\t\n\t\t<div class=\"availability stock in-stock\" data-original=\"In Stock\" data-class=\"in-stock\">\n\t\t\t<span>Stock:<\/span>\n\t\t\t<span class=\"availability-text\">In Stock<\/span>\n\t\t<\/div>\t\n\t<div class=\"sku-wrapper product_meta\"><span>SKU:<\/span><span class=\"sku\">0090<\/span><\/div><\/div>\t<div class=\"single-counter-wrapper\">\n\t\t<span>Sale ends in:<\/span>\n\t\t\t<\/div>\n\t<p class=\"price\"><del aria-hidden=\"true\"><span class=\"woocommerce-Price-amount amount\"><bdi><span class=\"woocommerce-Price-currencySymbol\">&#36;<\/span>729.00<\/bdi><\/span><\/del> <ins><span class=\"woocommerce-Price-amount amount\"><bdi><span class=\"woocommerce-Price-currencySymbol\">&#36;<\/span>629.00<\/bdi><\/span><\/ins><\/p>\n<div class=\"ts-variation-price hidden\"><\/div><div class=\"woocommerce-product-details__short-description\">\n\t<h3 style=\"text-align: center;\">Baja-Max &#8211; Tu aliado natural para una transformaci\u00f3n saludable<\/h3>\n<p><strong><em>Contiene:<\/em><\/strong><\/p>\n<ul>\n<li>Caf\u00e9 Verde<\/li>\n<li>Cardo Mariano<\/li>\n<li>Coenzima Q10<\/li>\n<li>Garcinia Cambogia<\/li>\n<\/ul>\n<p class=\"font-600 text-xl font-bold\"><em><strong>Modo de Uso:<\/strong><\/em><\/p>\n<p class=\"whitespace-pre-wrap break-words\">Tomar 2 c\u00e1psulas al d\u00eda, preferentemente antes de las comidas principales. Para mejores resultados, combinar con una alimentaci\u00f3n equilibrada y ejercicio regular.<\/p>\n<\/div>\n\t\t<a href=\"#\" class=\"button ts-buy-now-button\">Buy Now<\/a>\n\t\n<div\n\tclass=\"yith-wcwl-add-to-wishlist add-to-wishlist-17330  wishlist-fragment on-first-load\"\n\tdata-fragment-ref=\"17330\"\n\tdata-fragment-options=\"{&quot;base_url&quot;:&quot;&quot;,&quot;in_default_wishlist&quot;:false,&quot;is_single&quot;:true,&quot;show_exists&quot;:false,&quot;product_id&quot;:17330,&quot;parent_product_id&quot;:17330,&quot;product_type&quot;:&quot;simple&quot;,&quot;show_view&quot;:true,&quot;browse_wishlist_text&quot;:&quot;Echar un vistazo a la lista de deseos&quot;,&quot;already_in_wishslist_text&quot;:&quot;\\u00a1El producto ya est\\u00e1 en tu lista de deseos!&quot;,&quot;product_added_text&quot;:&quot;\\u00a1Producto a\\u00f1adido!&quot;,&quot;heading_icon&quot;:&quot;fa-heart-o&quot;,&quot;available_multi_wishlist&quot;:false,&quot;disable_wishlist&quot;:false,&quot;show_count&quot;:false,&quot;ajax_loading&quot;:false,&quot;loop_position&quot;:&quot;after_add_to_cart&quot;,&quot;item&quot;:&quot;add_to_wishlist&quot;}\"\n>\n\t\t\t\n\t\t\t<!-- ADD TO WISHLIST -->\n\t\t\t\n<div class=\"yith-wcwl-add-button\">\n\t\t<a\n\t\thref=\"?add_to_wishlist=17330&#038;_wpnonce=4b4dd77655\"\n\t\tclass=\"add_to_wishlist single_add_to_wishlist\"\n\t\tdata-product-id=\"17330\"\n\t\tdata-product-type=\"simple\"\n\t\tdata-original-product-id=\"17330\"\n\t\tdata-title=\"&lt;span class=&quot;ts-tooltip button-tooltip&quot;&gt;Wishlist&lt;\/span&gt;\"\n\t\trel=\"nofollow\"\n\t>\n\t\t<i class=\"yith-wcwl-icon fa fa-heart-o\"><\/i>\t\t<span><span class=\"ts-tooltip button-tooltip\">Wishlist<\/span><\/span>\n\t<\/a>\n<\/div>\n\n\t\t\t<!-- COUNT TEXT -->\n\t\t\t\n\t\t\t<\/div>\n<a href=\"https:\/\/bajamax.com.mx?action=yith-woocompare-add-product&id=17330\" class=\"compare button\" data-product_id=\"17330\" rel=\"nofollow\"><span class=\"ts-tooltip button-tooltip\">Comparar<\/span><\/a><div class=\"meta-content\"><div class=\"cats-tags-wrapper\"><div class=\"cats-link\"><span>Categories:<\/span><span class=\"cat-links\"><a href=\"https:\/\/bajamax.com.mx\/index.php\/product-category\/men\/jacket-men\/\" rel=\"tag\">Men Jacket<\/a>, <a href=\"https:\/\/bajamax.com.mx\/index.php\/product-category\/men\/short-men\/\" rel=\"tag\">Men Short<\/a>, <a href=\"https:\/\/bajamax.com.mx\/index.php\/product-category\/men\/t-shirt-men\/\" rel=\"tag\">Men T-Shirt<\/a><\/span><\/div><\/div><div class=\"ts-social-sharing\">\r\n\t<span>Share<\/span>\r\n\t<ul>\r\n\t\t<li class=\"facebook\">\r\n\t\t\t<a href=\"https:\/\/www.facebook.com\/sharer\/sharer.php?u=https:\/\/bajamax.com.mx\/index.php\/product\/baja-max\/\" target=\"_blank\"><i class=\"fab fa-facebook-f\"><\/i><\/a>\r\n\t\t<\/li>\r\n\t\r\n\t\t<li class=\"twitter\">\r\n\t\t\t<a href=\"https:\/\/twitter.com\/intent\/tweet?text=https:\/\/bajamax.com.mx\/index.php\/product\/baja-max\/\" target=\"_blank\"><i class=\"fab fa-twitter\"><\/i><\/a>\r\n\t\t<\/li>\r\n\t\r\n\t\t<li class=\"pinterest\">\r\n\t\t\t\t\t\t<a href=\"https:\/\/pinterest.com\/pin\/create\/button\/?url=https:\/\/bajamax.com.mx\/index.php\/product\/baja-max\/&amp;media=https:\/\/bajamax.com.mx\/wp-content\/uploads\/2022\/04\/cropped-bijamex-product-image.jpg\" target=\"_blank\"><i class=\"fab fa-pinterest-square\"><\/i><\/a>\r\n\t\t<\/li>\r\n\t\r\n\t\t<li class=\"linkedin\">\r\n\t\t\t<a href=\"http:\/\/linkedin.com\/shareArticle?mini=true&amp;url=https:\/\/bajamax.com.mx\/index.php\/product\/baja-max\/&amp;title=bajamax\" target=\"_blank\"><i class=\"fab fa-linkedin-in\"><\/i><\/a>\r\n\t\t<\/li>\r\n\t<\/ul>\r\n<\/div><\/div>\t<\/div>\n\n\t<\/div><\/div>\n\n\t\t\t<\/div>\n\t\t\t<\/div>\t\t<\/div>\n\t\t\t\t<\/div>\n\t\t\t\t\t<\/div>\n\t\t<\/div>\n\t\t\t\t\t<\/div>\n\t\t<\/section>\n\t\t\t\t<\/div>\n\t\t","protected":false},"excerpt":{"rendered":"","protected":false},"author":1,"featured_media":0,"parent":0,"menu_order":0,"comment_status":"closed","ping_status":"closed","template":"","meta":{"_monsterinsights_skip_tracking":false,"_monsterinsights_sitenote_active":false,"_monsterinsights_sitenote_note":"","_monsterinsights_sitenote_category":0,"footnotes":""},"class_list":["post-19339","page","type-page","status-publish","hentry"],"aioseo_notices":[],"_links":{"self":[{"href":"https:\/\/bajamax.com.mx\/index.php\/wp-json\/wp\/v2\/pages\/19339","targetHints":{"allow":["GET"]}}],"collection":[{"href":"https:\/\/bajamax.com.mx\/index.php\/wp-json\/wp\/v2\/pages"}],"about":[{"href":"https:\/\/bajamax.com.mx\/index.php\/wp-json\/wp\/v2\/types\/page"}],"author":[{"embeddable":true,"href":"https:\/\/bajamax.com.mx\/index.php\/wp-json\/wp\/v2\/users\/1"}],"replies":[{"embeddable":true,"href":"https:\/\/bajamax.com.mx\/index.php\/wp-json\/wp\/v2\/comments?post=19339"}],"version-history":[{"count":4,"href":"https:\/\/bajamax.com.mx\/index.php\/wp-json\/wp\/v2\/pages\/19339\/revisions"}],"predecessor-version":[{"id":19792,"href":"https:\/\/bajamax.com.mx\/index.php\/wp-json\/wp\/v2\/pages\/19339\/revisions\/19792"}],"wp:attachment":[{"href":"https:\/\/bajamax.com.mx\/index.php\/wp-json\/wp\/v2\/media?parent=19339"}],"curies":[{"name":"wp","href":"https:\/\/api.w.org\/{rel}","templated":true}]}}